{"id":946,"date":"2025-01-14T04:19:52","date_gmt":"2025-01-14T03:19:52","guid":{"rendered":"https:\/\/solarvg.be\/?page_id=946"},"modified":"2026-03-28T17:29:54","modified_gmt":"2026-03-28T16:29:54","slug":"pose-de-fenetres-de-toit","status":"publish","type":"page","link":"https:\/\/solarvg.be\/nl\/pose-de-fenetres-de-toit\/","title":{"rendered":"Installatie van dakramen"},"content":{"rendered":"<div data-elementor-type=\"wp-page\" data-elementor-id=\"946\" class=\"elementor elementor-946\" data-elementor-post-type=\"page\">\n\t\t\t\t<div class=\"elementor-element elementor-element-206aefe6 e-flex e-con-boxed e-con e-parent\" data-id=\"206aefe6\" data-element_type=\"container\" data-e-type=\"container\">\n\t\t\t\t\t<div class=\"e-con-inner\">\n\t\t\t\t<div class=\"elementor-element elementor-element-6801964 elementor-widget elementor-widget-image\" data-id=\"6801964\" data-element_type=\"widget\" data-e-type=\"widget\" data-widget_type=\"image.default\">\n\t\t\t\t<div class=\"elementor-widget-container\">\n\t\t\t\t\t\t\t\t\t\t\t\t\t\t\t<img fetchpriority=\"high\" decoding=\"async\" width=\"2560\" height=\"1919\" src=\"https:\/\/solarvg.be\/wp-content\/uploads\/2026\/03\/close-up-of-new-attic-plastic-window-installed-in-2026-03-15-23-59-56-utc-scaled.avif\" class=\"attachment-full size-full wp-image-1757\" alt=\"\" srcset=\"https:\/\/solarvg.be\/wp-content\/uploads\/2026\/03\/close-up-of-new-attic-plastic-window-installed-in-2026-03-15-23-59-56-utc-scaled.avif 2560w, https:\/\/solarvg.be\/wp-content\/uploads\/2026\/03\/close-up-of-new-attic-plastic-window-installed-in-2026-03-15-23-59-56-utc-300x225.avif 300w, https:\/\/solarvg.be\/wp-content\/uploads\/2026\/03\/close-up-of-new-attic-plastic-window-installed-in-2026-03-15-23-59-56-utc-1024x767.avif 1024w, https:\/\/solarvg.be\/wp-content\/uploads\/2026\/03\/close-up-of-new-attic-plastic-window-installed-in-2026-03-15-23-59-56-utc-768x576.avif 768w, https:\/\/solarvg.be\/wp-content\/uploads\/2026\/03\/close-up-of-new-attic-plastic-window-installed-in-2026-03-15-23-59-56-utc-1536x1151.avif 1536w, https:\/\/solarvg.be\/wp-content\/uploads\/2026\/03\/close-up-of-new-attic-plastic-window-installed-in-2026-03-15-23-59-56-utc-2048x1535.avif 2048w, https:\/\/solarvg.be\/wp-content\/uploads\/2026\/03\/close-up-of-new-attic-plastic-window-installed-in-2026-03-15-23-59-56-utc-16x12.avif 16w, https:\/\/solarvg.be\/wp-content\/uploads\/2026\/03\/elementor\/thumbs\/close-up-of-new-attic-plastic-window-installed-in-2026-03-15-23-59-56-utc-scaled-rl6fj35crqk3ymym48xirg2qhzdpv0ttuuizfc44ik.jpg 200w\" sizes=\"(max-width: 2560px) 100vw, 2560px\" \/>\t\t\t\t\t\t\t\t\t\t\t\t\t\t\t<\/div>\n\t\t\t\t<\/div>\n\t\t\t\t<div class=\"elementor-element elementor-element-6c14e131 elementor-widget elementor-widget-text-editor\" data-id=\"6c14e131\" data-element_type=\"widget\" data-e-type=\"widget\" data-widget_type=\"text-editor.default\">\n\t\t\t\t<div class=\"elementor-widget-container\">\n\t\t\t\t\t\t\t\t\t<p>Het installeren van dakramen is een ideale oplossing om natuurlijk licht en ventilatie in uw zolder te brengen, waardoor deze onderbenutte ruimtes worden omgetoverd tot aangename en functionele leefruimtes.<\/p><h3>Onze oplossingen voor de installatie van dakramen<\/h3><h4>1. Traditionele ramen<\/h4><p>Een breed assortiment ramen, geschikt voor verbouwde zolders, verkrijgbaar in hout, PVC of aluminium, met uitstekende thermische en akoestische isolatie voor alle soorten daken.<\/p><h4>2. Handmatige of gemotoriseerde opening<\/h4><p>Wij bieden ramen met handmatige of gemotoriseerde opening. Gemotoriseerde modellen zijn ideaal voor moeilijk bereikbare plaatsen: bediening via afstandsbediening of mobiele app voor eenvoudige regeling van licht en ventilatie.<\/p><h4>3. Velux en grote merken<\/h4><p>We werken samen met de beste merken, waaronder Velux, om u ramen te garanderen die voldoen aan de strengste normen op het gebied van weersbestendigheid, isolatie en duurzaamheid.<\/p><h4>4. Versterkte veiligheidsramen<\/h4><p>Voor hoge gebouwen of omgevingen met veel verkeer installeren we versterkte ramen die bestand zijn tegen impact en tegelijkertijd natuurlijk licht doorlaten.<\/p><h4>5. Openende of vaste ramen<\/h4><p>Het openen van ramen bevordert natuurlijke ventilatie; vaste ramen maximaliseren de natuurlijke lichtinval en bieden uitstekende isolatie. Wij adviseren u graag op basis van de constructie van uw dak.<\/p><h3>De voordelen van dakramen<\/h3><ul><li><strong>Natuurlijk licht<\/strong> \u2014 Verlicht uw zolder op natuurlijke wijze en cre\u00eber een warme sfeer.<\/li><li><strong>Optimale ventilatie<\/strong> \u2014 Betere luchtcirculatie, gereguleerde temperatuur, lagere luchtvochtigheid.<\/li><li><strong>De ruimte verbeteren<\/strong> \u2014 Transformeer uw zolder in bewoonbare en functionele ruimtes.<\/li><li><strong>Energie-effici\u00ebntie<\/strong> \u2014 Minder warmteverlies in de winter, minder oververhitting in de zomer.<\/li><li><strong>Onberispelijke esthetiek<\/strong> \u2014 Een discrete en moderne integratie in uw dak.<\/li><\/ul><h3>Waarom voor ons kiezen?<\/h3><p>Van de eerste metingen tot de uiteindelijke installatie, onze gespecialiseerde teams begeleiden het hele project, met inachtneming van de veiligheidsnormen en de afgesproken deadlines. Wij bieden oplossingen op maat, afgestemd op uw dak, uw behoeften en uw budget.<\/p><p><a style=\"color: #ff9900;\" href=\"https:\/\/solarvg.be\/nl\/obtenir-un-devis\/\"><strong>Vraag een persoonlijke offerte aan \u2192<\/strong><\/a><\/p>\t\t\t\t\t\t\t\t<\/div>\n\t\t\t\t<\/div>\n\t\t\t\t\t<\/div>\n\t\t\t\t<\/div>\n\t\t\t\t<\/div>","protected":false},"excerpt":{"rendered":"<p>L&rsquo;installation de fen\u00eatres de toit est une solution id\u00e9ale pour apporter lumi\u00e8re naturelle et ventilation dans vos combles, transformant ces espaces sous-exploit\u00e9s en zones de vie agr\u00e9ables et fonctionnelles. Nos solutions de pose de fen\u00eatres de toit 1. Fen\u00eatres traditionnelles Une large gamme de fen\u00eatres adapt\u00e9es aux combles am\u00e9nag\u00e9s, disponibles en bois, PVC ou aluminium, [&hellip;]<\/p>\n","protected":false},"author":1,"featured_media":0,"parent":0,"menu_order":0,"comment_status":"closed","ping_status":"closed","template":"elementor_header_footer","meta":{"footnotes":""},"class_list":["post-946","page","type-page","status-publish","hentry"],"_links":{"self":[{"href":"https:\/\/solarvg.be\/nl\/wp-json\/wp\/v2\/pages\/946","targetHints":{"allow":["GET"]}}],"collection":[{"href":"https:\/\/solarvg.be\/nl\/wp-json\/wp\/v2\/pages"}],"about":[{"href":"https:\/\/solarvg.be\/nl\/wp-json\/wp\/v2\/types\/page"}],"author":[{"embeddable":true,"href":"https:\/\/solarvg.be\/nl\/wp-json\/wp\/v2\/users\/1"}],"replies":[{"embeddable":true,"href":"https:\/\/solarvg.be\/nl\/wp-json\/wp\/v2\/comments?post=946"}],"version-history":[{"count":19,"href":"https:\/\/solarvg.be\/nl\/wp-json\/wp\/v2\/pages\/946\/revisions"}],"predecessor-version":[{"id":1818,"href":"https:\/\/solarvg.be\/nl\/wp-json\/wp\/v2\/pages\/946\/revisions\/1818"}],"wp:attachment":[{"href":"https:\/\/solarvg.be\/nl\/wp-json\/wp\/v2\/media?parent=946"}],"curies":[{"name":"wp","href":"https:\/\/api.w.org\/{rel}","templated":true}]}}