{"id":927,"date":"2025-01-14T03:49:17","date_gmt":"2025-01-14T02:49:17","guid":{"rendered":"https:\/\/solarvg.be\/?page_id=927"},"modified":"2026-03-28T17:32:20","modified_gmt":"2026-03-28T16:32:20","slug":"entretien-et-nettoyage-de-toitures","status":"publish","type":"page","link":"https:\/\/solarvg.be\/nl\/entretien-et-nettoyage-de-toitures\/","title":{"rendered":"Dakonderhoud en -reiniging"},"content":{"rendered":"<div data-elementor-type=\"wp-page\" data-elementor-id=\"927\" class=\"elementor elementor-927\" data-elementor-post-type=\"page\">\n\t\t\t\t<div class=\"elementor-element elementor-element-202d0ff7 e-flex e-con-boxed e-con e-parent\" data-id=\"202d0ff7\" data-element_type=\"container\" data-e-type=\"container\">\n\t\t\t\t\t<div class=\"e-con-inner\">\n\t\t\t\t<div class=\"elementor-element elementor-element-3396fc8 elementor-widget elementor-widget-image\" data-id=\"3396fc8\" data-element_type=\"widget\" data-e-type=\"widget\" data-widget_type=\"image.default\">\n\t\t\t\t<div class=\"elementor-widget-container\">\n\t\t\t\t\t\t\t\t\t\t\t\t\t\t\t<img fetchpriority=\"high\" decoding=\"async\" width=\"2560\" height=\"1707\" src=\"https:\/\/solarvg.be\/wp-content\/uploads\/2026\/03\/roof-and-gutters-cleaning-2026-03-24-09-07-13-utc-scaled.avif\" class=\"attachment-full size-full wp-image-1430\" alt=\"\" srcset=\"https:\/\/solarvg.be\/wp-content\/uploads\/2026\/03\/roof-and-gutters-cleaning-2026-03-24-09-07-13-utc-scaled.avif 2560w, https:\/\/solarvg.be\/wp-content\/uploads\/2026\/03\/roof-and-gutters-cleaning-2026-03-24-09-07-13-utc-300x200.avif 300w, https:\/\/solarvg.be\/wp-content\/uploads\/2026\/03\/roof-and-gutters-cleaning-2026-03-24-09-07-13-utc-1024x683.avif 1024w, https:\/\/solarvg.be\/wp-content\/uploads\/2026\/03\/roof-and-gutters-cleaning-2026-03-24-09-07-13-utc-768x512.avif 768w, https:\/\/solarvg.be\/wp-content\/uploads\/2026\/03\/roof-and-gutters-cleaning-2026-03-24-09-07-13-utc-1536x1024.avif 1536w, https:\/\/solarvg.be\/wp-content\/uploads\/2026\/03\/roof-and-gutters-cleaning-2026-03-24-09-07-13-utc-2048x1366.avif 2048w\" sizes=\"(max-width: 2560px) 100vw, 2560px\" \/>\t\t\t\t\t\t\t\t\t\t\t\t\t\t\t<\/div>\n\t\t\t\t<\/div>\n\t\t\t\t<div class=\"elementor-element elementor-element-93d993c elementor-widget elementor-widget-text-editor\" data-id=\"93d993c\" data-element_type=\"widget\" data-e-type=\"widget\" data-widget_type=\"text-editor.default\">\n\t\t\t\t<div class=\"elementor-widget-container\">\n\t\t\t\t\t\t\t\t\t<p>Een goed onderhouden dak is essentieel voor de levensduur van uw huis en om kostbare reparaties te voorkomen. Mos, korstmossen, vuil en ander afval kunnen zich in de loop der tijd ophopen, waardoor de waterdichtheid van uw dak in gevaar komt en het uiterlijk ervan wordt aangetast. Regelmatig onderhoud is daarom onmisbaar.<\/p>\n\n<h3>Onze dakonderhouds- en reinigingsdiensten<\/h3>\n\n<h4>1. Dakreiniging<\/h4>\n<p>Verwijdering van schadelijke begroeiing (mos, korstmossen, algen) en opgehoopt vuil dat vocht vasthoudt en de materiaalveroudering versnelt. We gebruiken technieken die uw dak niet beschadigen, voor een grondige reiniging.<\/p>\n\n<h4>2. Verwijdering van mos op het dak<\/h4>\n<p>Door mos en begroeiing te verwijderen, voorkomt u het risico op waterinsijging en materiaalschade. We gebruiken specifieke, milieuvriendelijke producten die ook hergroei tegengaan.<\/p>\n\n<h4>3. Behandeling tegen mos en schimmels<\/h4>\n<p>Na het verwijderen van het mos wordt een behandeling op maat toegepast om een duurzame barri\u00e8re te cre\u00ebren tegen de hergroei van mos en algen, en tegelijkertijd de waterdichtheid van uw dak te behouden.<\/p>\n\n<h4>4. Onderhoud van goten en afvoerbuizen<\/h4>\n<p>Wij reinigen en controleren uw dakgoten en regenpijpen regelmatig om verstoppingen, lekkages en waterophoping op het dak te voorkomen.<\/p>\n\n<h4>5. Inspectie en reparatie<\/h4>\n<p>Wij voeren regelmatig inspecties uit van de algehele staat van uw dak en verrichten waar nodig reparaties om verdere verslechtering te voorkomen.<\/p>\n\n<h3>De voordelen van regelmatig onderhoud<\/h3>\n\n<ul>\n  <li><strong>Infiltratiepreventie<\/strong> \u2014 Afval verwijderd, dakgoten onderhouden, risico op vochtproblemen verminderd.<\/li>\n  <li><strong>Verlengde levensduur<\/strong> \u2014 De materialen zijn langdurig beschermd tegen invloeden van buitenaf.<\/li>\n  <li><strong>De esthetiek is behouden gebleven.<\/strong> \u2014 Een schoon dak verbetert het uiterlijk en de waarde van uw huis.<\/li>\n  <li><strong>Betere energie-effici\u00ebntie<\/strong> Een gezond dak draagt bij aan optimale thermische isolatie.<\/li>\n<\/ul>\n\n<h3>Waarom voor ons kiezen?<\/h3>\n\n<p>Met onze expertise en professionele apparatuur werken we aan alle soorten daken, waarbij we de veiligheidsnormen naleven en milieuvriendelijke producten gebruiken. Van reiniging en mosverwijdering tot reparaties, elke klus wordt met zorg en oog voor detail uitgevoerd.<\/p>\n\n<p><a href=\"https:\/\/solarvg.be\/nl\/obtenir-un-devis\/\" style=\"color: #ff9900;\"><strong>Vraag een persoonlijke offerte aan \u2192<\/strong><\/a><\/p>\t\t\t\t\t\t\t\t<\/div>\n\t\t\t\t<\/div>\n\t\t\t\t\t<\/div>\n\t\t\t\t<\/div>\n\t\t\t\t<\/div>","protected":false},"excerpt":{"rendered":"<p>Une toiture bien entretenue est essentielle pour garantir la long\u00e9vit\u00e9 de votre habitation et pr\u00e9venir des r\u00e9parations co\u00fbteuses. Mousses, lichens, salet\u00e9 et d\u00e9bris peuvent s&rsquo;accumuler avec le temps, compromettant l&rsquo;\u00e9tanch\u00e9it\u00e9 de votre toit et affectant son apparence. Un entretien r\u00e9gulier est donc indispensable. Nos services d&rsquo;entretien et de nettoyage de toitures 1. Nettoyage de toiture [&hellip;]<\/p>\n","protected":false},"author":1,"featured_media":0,"parent":0,"menu_order":0,"comment_status":"closed","ping_status":"closed","template":"elementor_header_footer","meta":{"footnotes":""},"class_list":["post-927","page","type-page","status-publish","hentry"],"_links":{"self":[{"href":"https:\/\/solarvg.be\/nl\/wp-json\/wp\/v2\/pages\/927","targetHints":{"allow":["GET"]}}],"collection":[{"href":"https:\/\/solarvg.be\/nl\/wp-json\/wp\/v2\/pages"}],"about":[{"href":"https:\/\/solarvg.be\/nl\/wp-json\/wp\/v2\/types\/page"}],"author":[{"embeddable":true,"href":"https:\/\/solarvg.be\/nl\/wp-json\/wp\/v2\/users\/1"}],"replies":[{"embeddable":true,"href":"https:\/\/solarvg.be\/nl\/wp-json\/wp\/v2\/comments?post=927"}],"version-history":[{"count":8,"href":"https:\/\/solarvg.be\/nl\/wp-json\/wp\/v2\/pages\/927\/revisions"}],"predecessor-version":[{"id":1827,"href":"https:\/\/solarvg.be\/nl\/wp-json\/wp\/v2\/pages\/927\/revisions\/1827"}],"wp:attachment":[{"href":"https:\/\/solarvg.be\/nl\/wp-json\/wp\/v2\/media?parent=927"}],"curies":[{"name":"wp","href":"https:\/\/api.w.org\/{rel}","templated":true}]}}