{"id":922,"date":"2025-01-14T03:40:28","date_gmt":"2025-01-14T02:40:28","guid":{"rendered":"https:\/\/solarvg.be\/?page_id=922"},"modified":"2026-03-28T17:30:33","modified_gmt":"2026-03-28T16:30:33","slug":"couverture","status":"publish","type":"page","link":"https:\/\/solarvg.be\/nl\/couverture\/","title":{"rendered":"Deken"},"content":{"rendered":"<div data-elementor-type=\"wp-page\" data-elementor-id=\"922\" class=\"elementor elementor-922\" data-elementor-post-type=\"page\">\n\t\t\t\t<div class=\"elementor-element elementor-element-fcace04 e-flex e-con-boxed e-con e-parent\" data-id=\"fcace04\" data-element_type=\"container\" data-e-type=\"container\">\n\t\t\t\t\t<div class=\"e-con-inner\">\n\t\t\t\t<div class=\"elementor-element elementor-element-0e114ab elementor-widget elementor-widget-image\" data-id=\"0e114ab\" data-element_type=\"widget\" data-e-type=\"widget\" data-widget_type=\"image.default\">\n\t\t\t\t<div class=\"elementor-widget-container\">\n\t\t\t\t\t\t\t\t\t\t\t\t\t\t\t<img fetchpriority=\"high\" decoding=\"async\" width=\"2560\" height=\"1707\" src=\"https:\/\/solarvg.be\/wp-content\/uploads\/2026\/03\/black-ceramic-roof-tiles-2026-03-24-03-50-55-utc-scaled.avif\" class=\"attachment-full size-full wp-image-1770\" alt=\"\" srcset=\"https:\/\/solarvg.be\/wp-content\/uploads\/2026\/03\/black-ceramic-roof-tiles-2026-03-24-03-50-55-utc-scaled.avif 2560w, https:\/\/solarvg.be\/wp-content\/uploads\/2026\/03\/black-ceramic-roof-tiles-2026-03-24-03-50-55-utc-300x200.avif 300w, https:\/\/solarvg.be\/wp-content\/uploads\/2026\/03\/black-ceramic-roof-tiles-2026-03-24-03-50-55-utc-1024x683.avif 1024w, https:\/\/solarvg.be\/wp-content\/uploads\/2026\/03\/black-ceramic-roof-tiles-2026-03-24-03-50-55-utc-768x512.avif 768w, https:\/\/solarvg.be\/wp-content\/uploads\/2026\/03\/black-ceramic-roof-tiles-2026-03-24-03-50-55-utc-1536x1024.avif 1536w, https:\/\/solarvg.be\/wp-content\/uploads\/2026\/03\/black-ceramic-roof-tiles-2026-03-24-03-50-55-utc-2048x1365.avif 2048w, https:\/\/solarvg.be\/wp-content\/uploads\/2026\/03\/black-ceramic-roof-tiles-2026-03-24-03-50-55-utc-18x12.avif 18w\" sizes=\"(max-width: 2560px) 100vw, 2560px\" \/>\t\t\t\t\t\t\t\t\t\t\t\t\t\t\t<\/div>\n\t\t\t\t<\/div>\n\t\t\t\t<div class=\"elementor-element elementor-element-64138039 elementor-widget elementor-widget-text-editor\" data-id=\"64138039\" data-element_type=\"widget\" data-e-type=\"widget\" data-widget_type=\"text-editor.default\">\n\t\t\t\t<div class=\"elementor-widget-container\">\n\t\t\t\t\t\t\t\t\t<p>Dakbedekking is een essentieel onderdeel van de bouw, omdat het bescherming biedt tegen de elementen en de esthetiek van uw woning verbetert. Dankzij onze expertise cre\u00ebren wij op maat gemaakte daken die perfect aansluiten op uw behoeften, of het nu gaat om nieuwbouw, renovatie of reparatie.<\/p><h3>Onze soorten daken<\/h3><h4>1. Dak met dakpannen<\/h4><p>Terracotta, beton of zonnepanelen: dakpannen zijn een traditionele en tijdloze keuze en bieden uitstekende bescherming tegen de elementen. Ze zijn verkrijgbaar in een breed scala aan stijlen en kleuren en passen bij alle soorten architectuur.<\/p><h4>2. Zinken dak<\/h4><p>Elegant, lichtgewicht en zeer corrosiebestendig: de flexibiliteit van zink maakt de creatie van uiteenlopende architectonische vormen mogelijk. Ideaal voor een eigentijdse stijl, biedt het een verfijnde esthetische afwerking en opmerkelijke duurzaamheid.<\/p><h4>3. Ge\u00efsoleerde stalen dakbedekking (sandwichpanelen)<\/h4><p>Een ideale oplossing voor industri\u00eble, commerci\u00eble of renovatieprojecten. Deze panelen, bestaande uit twee metalen lagen met ge\u00efntegreerde isolatie, bieden optimale energieprestaties, snelle installatie en een perfecte afdichting.<\/p><h3>De voordelen van onze daken<\/h3><ul><li><strong>Duurzaamheid<\/strong> \u2014 Daken die ontworpen zijn om de weersomstandigheden op lange termijn te weerstaan.<\/li><li><strong>Stijlvol<\/strong> \u2014 Oplossingen die prestatie en design combineren, aangepast aan alle architectuurstijlen.<\/li><li><strong>Energie-effici\u00ebntie<\/strong> \u2014 Hoogwaardige isolatiematerialen om uw verwarmings- en airconditioningsbehoefte te verminderen.<\/li><li><strong>Expertise en knowhow<\/strong> \u2014 Elk dak wordt volgens de beste praktijken, met zorg en professionaliteit ge\u00efnstalleerd.<\/li><\/ul><h3>Waarom voor ons kiezen?<\/h3><p>Of u nu een particulier, architect of bouwvakker bent, wij doen er alles aan om uw dakwerkzaamheden uit te voeren binnen de afgesproken termijnen, veiligheidsnormen en uw budget.<\/p><p><a style=\"color: #ff9900;\" href=\"https:\/\/solarvg.be\/nl\/obtenir-un-devis\/\"><strong>Vraag een persoonlijke offerte aan \u2192<\/strong><\/a><\/p>\t\t\t\t\t\t\t\t<\/div>\n\t\t\t\t<\/div>\n\t\t\t\t\t<\/div>\n\t\t\t\t<\/div>\n\t\t\t\t<\/div>","protected":false},"excerpt":{"rendered":"<p>La couverture est un \u00e9l\u00e9ment essentiel de la construction d&rsquo;un b\u00e2timent, assurant \u00e0 la fois la protection contre les intemp\u00e9ries et l&rsquo;esth\u00e9tique de votre habitation. Gr\u00e2ce \u00e0 notre expertise, nous r\u00e9alisons des toitures sur mesure adapt\u00e9es \u00e0 vos besoins, qu&rsquo;il s&rsquo;agisse de constructions neuves, de r\u00e9novations ou de r\u00e9parations. Nos types de toitures 1. Toiture [&hellip;]<\/p>\n","protected":false},"author":1,"featured_media":0,"parent":0,"menu_order":0,"comment_status":"closed","ping_status":"closed","template":"elementor_header_footer","meta":{"footnotes":""},"class_list":["post-922","page","type-page","status-publish","hentry"],"_links":{"self":[{"href":"https:\/\/solarvg.be\/nl\/wp-json\/wp\/v2\/pages\/922","targetHints":{"allow":["GET"]}}],"collection":[{"href":"https:\/\/solarvg.be\/nl\/wp-json\/wp\/v2\/pages"}],"about":[{"href":"https:\/\/solarvg.be\/nl\/wp-json\/wp\/v2\/types\/page"}],"author":[{"embeddable":true,"href":"https:\/\/solarvg.be\/nl\/wp-json\/wp\/v2\/users\/1"}],"replies":[{"embeddable":true,"href":"https:\/\/solarvg.be\/nl\/wp-json\/wp\/v2\/comments?post=922"}],"version-history":[{"count":17,"href":"https:\/\/solarvg.be\/nl\/wp-json\/wp\/v2\/pages\/922\/revisions"}],"predecessor-version":[{"id":1821,"href":"https:\/\/solarvg.be\/nl\/wp-json\/wp\/v2\/pages\/922\/revisions\/1821"}],"wp:attachment":[{"href":"https:\/\/solarvg.be\/nl\/wp-json\/wp\/v2\/media?parent=922"}],"curies":[{"name":"wp","href":"https:\/\/api.w.org\/{rel}","templated":true}]}}