{"id":912,"date":"2025-01-14T03:17:25","date_gmt":"2025-01-14T02:17:25","guid":{"rendered":"https:\/\/solarvg.be\/?page_id=912"},"modified":"2026-03-28T17:33:31","modified_gmt":"2026-03-28T16:33:31","slug":"charpente-et-ossature-bois","status":"publish","type":"page","link":"https:\/\/solarvg.be\/nl\/charpente-et-ossature-bois\/","title":{"rendered":"Houten frame en constructie"},"content":{"rendered":"<div data-elementor-type=\"wp-page\" data-elementor-id=\"912\" class=\"elementor elementor-912\" data-elementor-post-type=\"page\">\n\t\t\t\t<div class=\"elementor-element elementor-element-7260d4ce e-flex e-con-boxed e-con e-parent\" data-id=\"7260d4ce\" data-element_type=\"container\" data-e-type=\"container\">\n\t\t\t\t\t<div class=\"e-con-inner\">\n\t\t\t\t<div class=\"elementor-element elementor-element-b826f6f elementor-widget elementor-widget-image\" data-id=\"b826f6f\" data-element_type=\"widget\" data-e-type=\"widget\" data-widget_type=\"image.default\">\n\t\t\t\t<div class=\"elementor-widget-container\">\n\t\t\t\t\t\t\t\t\t\t\t\t\t\t\t<img fetchpriority=\"high\" decoding=\"async\" width=\"2560\" height=\"1707\" src=\"https:\/\/solarvg.be\/wp-content\/uploads\/2026\/03\/framework-construction-begins-on-new-house-2026-03-17-20-15-57-utc-scaled.avif\" class=\"attachment-full size-full wp-image-1789\" alt=\"\" srcset=\"https:\/\/solarvg.be\/wp-content\/uploads\/2026\/03\/framework-construction-begins-on-new-house-2026-03-17-20-15-57-utc-scaled.avif 2560w, https:\/\/solarvg.be\/wp-content\/uploads\/2026\/03\/framework-construction-begins-on-new-house-2026-03-17-20-15-57-utc-300x200.avif 300w, https:\/\/solarvg.be\/wp-content\/uploads\/2026\/03\/framework-construction-begins-on-new-house-2026-03-17-20-15-57-utc-1024x683.avif 1024w, https:\/\/solarvg.be\/wp-content\/uploads\/2026\/03\/framework-construction-begins-on-new-house-2026-03-17-20-15-57-utc-768x512.avif 768w, https:\/\/solarvg.be\/wp-content\/uploads\/2026\/03\/framework-construction-begins-on-new-house-2026-03-17-20-15-57-utc-1536x1024.avif 1536w, https:\/\/solarvg.be\/wp-content\/uploads\/2026\/03\/framework-construction-begins-on-new-house-2026-03-17-20-15-57-utc-2048x1366.avif 2048w, https:\/\/solarvg.be\/wp-content\/uploads\/2026\/03\/framework-construction-begins-on-new-house-2026-03-17-20-15-57-utc-18x12.avif 18w\" sizes=\"(max-width: 2560px) 100vw, 2560px\" \/>\t\t\t\t\t\t\t\t\t\t\t\t\t\t\t<\/div>\n\t\t\t\t<\/div>\n\t\t\t\t<div class=\"elementor-element elementor-element-3966f8b0 elementor-widget elementor-widget-text-editor\" data-id=\"3966f8b0\" data-element_type=\"widget\" data-e-type=\"widget\" data-widget_type=\"text-editor.default\">\n\t\t\t\t<div class=\"elementor-widget-container\">\n\t\t\t\t\t\t\t\t\tHet houten frame en de constructie spelen een cruciale rol in de sterkte en esthetiek van uw gebouw. Ze zijn essentieel voor de ondersteuning van het dak en de stabiliteit van de gehele constructie, en bieden bovendien veel architectonische vrijheid en een warme, natuurlijke uitstraling.\n<h3>De soorten houten frames die wij produceren<\/h3>\n<h4>1. Traditionele houtskeletbouw<\/h4>\nSpanten, gordingen en spanten: traditionele houtskeletbouw is ideaal voor oudere of klassiek geori\u00ebnteerde gebouwen. Het maakt de creatie van bewoonbare zolders mogelijk en biedt tegelijkertijd grote robuustheid en authentieke architectuur.\n<h4>2. Industri\u00eble houtskeletbouw (spantconstructie)<\/h4>\nDe spanten worden in een werkplaats geprefabriceerd, waardoor ze licht van gewicht, snel te installeren en zeer sterk zijn. Perfect geschikt voor moderne constructies, zoals eengezinswoningen of agrarische gebouwen.\n<h4>3. Gelamineerd houten frame<\/h4>\nVoor ambitieuze projecten die grote overspanningen of een eigentijds ontwerp vereisen, biedt gelamineerd hout uitzonderlijke sterkte en grote architectonische vrijheid, met een unieke esthetiek.\n<h4>4. Wijziging van het bestaande raamwerk<\/h4>\nWilt u uw zolder verbouwen? Wij werken aan uw bestaande dakconstructie om ruimte onder het dak vrij te maken door de spanten aan te passen en de belasting te herverdelen, met behoud van stabiliteit en veiligheid.\n<h3>Houtskeletbouw: een modern en ecologisch alternatief<\/h3>\nHoutskeletbouw is een bouwmethode waarbij de hoofdstructuur van een gebouw volledig uit hout bestaat: staanders, balken en hoogwaardige isolatie. Wij bieden deze methode aan voor diverse projecten: eengezinswoningen, aanbouwen of commerci\u00eble gebouwen.\n<h3>De voordelen van houtskeletbouw en -constructies<\/h3>\n<ul>\n \t<li><strong>Natuurlijke esthetiek<\/strong> Hout geeft uw ruimtes een warme en tijdloze sfeer.<\/li>\n \t<li><strong>Duurzaamheid en weerstand<\/strong> \u2014 Een stevig, onderhoudsvriendelijk materiaal dat jarenlang meegaat.<\/li>\n \t<li><strong>Architectonische flexibiliteit<\/strong> \u2014 Maatwerkoplossingen voor alle stijlen: traditioneel, modern of innovatief.<\/li>\n \t<li><strong>Ecologisch<\/strong> \u2014 Een hernieuwbaar materiaal dat tijdens de groei CO2 opneemt.<\/li>\n \t<li><strong>Energie-effici\u00ebntie<\/strong> \u2014 Uitstekende thermische isolatie, ideaal voor energiezuinige gebouwen.<\/li>\n \t<li><strong>Bouwsnelheid<\/strong> \u2014 Geprefabriceerde elementen voor snelle montage op locatie.<\/li>\n \t<li><strong>Lichtgewicht en vrij van ontwerp.<\/strong> \u2014 Een lichtgewicht materiaal dat de bouw en architectonische creativiteit bevordert.<\/li>\n<\/ul>\n<h3>Waarom voor ons kiezen?<\/h3>\nWij zijn gespecialiseerd in het ontwerpen, produceren en installeren van op maat gemaakte houten frames en constructies en bieden onze expertise aan voor elk project. Of u nu een huiseigenaar, architect of bouwprofessional bent, wij garanderen robuuste, esthetisch aantrekkelijke oplossingen die op tijd worden opgeleverd.\n\n<a style=\"color: #ff9900;\" href=\"https:\/\/solarvg.be\/nl\/obtenir-un-devis\/\"><strong>Vraag een persoonlijke offerte aan \u2192<\/strong><\/a>\t\t\t\t\t\t\t\t<\/div>\n\t\t\t\t<\/div>\n\t\t\t\t\t<\/div>\n\t\t\t\t<\/div>\n\t\t\t\t<\/div>","protected":false},"excerpt":{"rendered":"<p>La charpente et l&rsquo;ossature bois jouent un r\u00f4le essentiel dans la solidit\u00e9 et l&rsquo;esth\u00e9tique de votre construction. Indispensables pour supporter la toiture et assurer la stabilit\u00e9 de l&rsquo;ensemble de la structure, elles offrent \u00e9galement une grande libert\u00e9 architecturale et une esth\u00e9tique chaleureuse et naturelle. Les types de charpentes en bois que nous r\u00e9alisons 1. Charpente [&hellip;]<\/p>\n","protected":false},"author":1,"featured_media":0,"parent":0,"menu_order":0,"comment_status":"closed","ping_status":"closed","template":"elementor_header_footer","meta":{"footnotes":""},"class_list":["post-912","page","type-page","status-publish","hentry"],"_links":{"self":[{"href":"https:\/\/solarvg.be\/nl\/wp-json\/wp\/v2\/pages\/912","targetHints":{"allow":["GET"]}}],"collection":[{"href":"https:\/\/solarvg.be\/nl\/wp-json\/wp\/v2\/pages"}],"about":[{"href":"https:\/\/solarvg.be\/nl\/wp-json\/wp\/v2\/types\/page"}],"author":[{"embeddable":true,"href":"https:\/\/solarvg.be\/nl\/wp-json\/wp\/v2\/users\/1"}],"replies":[{"embeddable":true,"href":"https:\/\/solarvg.be\/nl\/wp-json\/wp\/v2\/comments?post=912"}],"version-history":[{"count":15,"href":"https:\/\/solarvg.be\/nl\/wp-json\/wp\/v2\/pages\/912\/revisions"}],"predecessor-version":[{"id":1834,"href":"https:\/\/solarvg.be\/nl\/wp-json\/wp\/v2\/pages\/912\/revisions\/1834"}],"wp:attachment":[{"href":"https:\/\/solarvg.be\/nl\/wp-json\/wp\/v2\/media?parent=912"}],"curies":[{"name":"wp","href":"https:\/\/api.w.org\/{rel}","templated":true}]}}