{"id":1793,"date":"2026-03-28T16:17:02","date_gmt":"2026-03-28T15:17:02","guid":{"rendered":"https:\/\/solarvg.be\/?page_id=1793"},"modified":"2026-03-28T17:34:20","modified_gmt":"2026-03-28T16:34:20","slug":"depannage","status":"publish","type":"page","link":"https:\/\/solarvg.be\/nl\/depannage\/","title":{"rendered":"Probleemoplossing"},"content":{"rendered":"<div data-elementor-type=\"wp-page\" data-elementor-id=\"1793\" class=\"elementor elementor-1793\" data-elementor-post-type=\"page\">\n\t\t\t\t<div class=\"elementor-element elementor-element-178a4f7 e-flex e-con-boxed e-con e-parent\" data-id=\"178a4f7\" data-element_type=\"container\" data-e-type=\"container\">\n\t\t\t\t\t<div class=\"e-con-inner\">\n\t\t\t\t<div class=\"elementor-element elementor-element-f7f7105 elementor-widget elementor-widget-image\" data-id=\"f7f7105\" data-element_type=\"widget\" data-e-type=\"widget\" data-widget_type=\"image.default\">\n\t\t\t\t<div class=\"elementor-widget-container\">\n\t\t\t\t\t\t\t\t\t\t\t\t\t\t\t<img fetchpriority=\"high\" decoding=\"async\" width=\"2560\" height=\"1707\" src=\"https:\/\/solarvg.be\/wp-content\/uploads\/2026\/03\/the-recreation-center-was-flooded-with-heavy-rain-2026-03-18-04-36-02-utc-scaled.avif\" class=\"attachment-full size-full wp-image-1452\" alt=\"\" srcset=\"https:\/\/solarvg.be\/wp-content\/uploads\/2026\/03\/the-recreation-center-was-flooded-with-heavy-rain-2026-03-18-04-36-02-utc-scaled.avif 2560w, https:\/\/solarvg.be\/wp-content\/uploads\/2026\/03\/the-recreation-center-was-flooded-with-heavy-rain-2026-03-18-04-36-02-utc-300x200.avif 300w, https:\/\/solarvg.be\/wp-content\/uploads\/2026\/03\/the-recreation-center-was-flooded-with-heavy-rain-2026-03-18-04-36-02-utc-1024x683.avif 1024w, https:\/\/solarvg.be\/wp-content\/uploads\/2026\/03\/the-recreation-center-was-flooded-with-heavy-rain-2026-03-18-04-36-02-utc-768x512.avif 768w, https:\/\/solarvg.be\/wp-content\/uploads\/2026\/03\/the-recreation-center-was-flooded-with-heavy-rain-2026-03-18-04-36-02-utc-1536x1024.avif 1536w, https:\/\/solarvg.be\/wp-content\/uploads\/2026\/03\/the-recreation-center-was-flooded-with-heavy-rain-2026-03-18-04-36-02-utc-2048x1366.avif 2048w\" sizes=\"(max-width: 2560px) 100vw, 2560px\" \/>\t\t\t\t\t\t\t\t\t\t\t\t\t\t\t<\/div>\n\t\t\t\t<\/div>\n\t\t\t\t<div class=\"elementor-element elementor-element-2eb206ed elementor-widget elementor-widget-text-editor\" data-id=\"2eb206ed\" data-element_type=\"widget\" data-e-type=\"widget\" data-widget_type=\"text-editor.default\">\n\t\t\t\t<div class=\"elementor-widget-container\">\n\t\t\t\t\t\t\t\t\tEen gebroken dakpan, een waterlek, een afgescheurde dakgoot of een door een storm beschadigd dak: sommige problemen kunnen niet wachten. Onze noodreparatie- en snelle responsdienst garandeert onmiddellijke hulp, wat het probleem ook is, om uw huis zo snel mogelijk te beschermen.\n<h3>Onze dakreparatieservices<\/h3>\n<h4>1. Reparaties na stormen of zwaar weer<\/h4>\nHarde wind, hagel, sneeuw: extreme weersomstandigheden kunnen aanzienlijke schade aan uw dak veroorzaken. Wij reageren snel om uw dak te beveiligen, beschadigde onderdelen te vervangen en verdere schade te voorkomen.\n<h4>2. Behandeling van waterinfiltratie en lekkages<\/h4>\nEen onbehandeld lek kan snel leiden tot aanzienlijke structurele schade. Wij sporen de bron van het lek op en voeren de nodige reparaties uit om de waterdichtheid van uw dak zo snel mogelijk te herstellen.\n<h4>3. Vervanging van gebroken tegels of leien<\/h4>\nE\u00e9n of meerdere ontbrekende of gebarsten dakpannen kunnen uw hele dak verzwakken. Wij vervangen de defecte elementen door geschikte materialen, zodat ze perfect aansluiten op uw bestaande dak.\n<h4>4. Reparatie van dakgoten en regenpijpen<\/h4>\nAls uw dakgoot lekt, losgeraakt is of verstopt is: wij komen in actie om defecte afvoerelementen te repareren of te vervangen en elk risico op infiltratie of overloop te voorkomen.\n<h4>5. Noodzeil overdekken en vastzetten<\/h4>\nIn geval van aanzienlijke schade die onmiddellijke bescherming vereist, zullen wij tijdelijke zeilen plaatsen om uw eigendom te beschermen in afwachting van de definitieve reparaties.\n<h3>De voordelen van onze pechhulpdienst<\/h3>\n<ul>\n \t<li><strong>Reactiviteit<\/strong> \u2014 We handelen snel om de schade te beperken en uw dak zonder vertraging te beveiligen.<\/li>\n \t<li><strong>Nauwkeurige diagnose<\/strong> \u2014 We identificeren de oorzaak van het probleem om een duurzame oplossing te bieden, niet slechts een oppervlakkige behandeling.<\/li>\n \t<li><strong>Wij werken aan alle soorten daken.<\/strong> Dakpannen, leisteen, zink, stalen dakplaten: wij werken aan alle soorten dakbedekking.<\/li>\n \t<li><strong>Transparantie<\/strong> \u2014 Een duidelijke offerte voordat er met de werkzaamheden wordt begonnen, zonder onaangename verrassingen.<\/li>\n<\/ul>\n<h3>Waarom voor ons kiezen?<\/h3>\nDankzij onze uitgebreide ervaring in dakbedekking en dakonderhoud zijn onze teams getraind om effectief te reageren op alle noodsituaties. Wij geven prioriteit aan kwalitatief hoogwaardige reparaties en klanttevredenheid en bieden oplossingen op maat, passend binnen uw budget.\n<br>\n<br>\n<a style=\"color: #ff9900;\" href=\"https:\/\/solarvg.be\/nl\/obtenir-un-devis\/\"><strong>Vraag een persoonlijke offerte aan \u2192<\/strong><\/a>\t\t\t\t\t\t\t\t<\/div>\n\t\t\t\t<\/div>\n\t\t\t\t\t<\/div>\n\t\t\t\t<\/div>\n\t\t\t\t<\/div>","protected":false},"excerpt":{"rendered":"<p>Une tuile cass\u00e9e, une infiltration d&rsquo;eau, une goutti\u00e8re arrach\u00e9e ou une toiture endommag\u00e9e apr\u00e8s une temp\u00eate : certaines situations ne peuvent pas attendre. Notre service de d\u00e9pannage et d&rsquo;intervention rapide vous garantit une prise en charge r\u00e9active, quel que soit le type de probl\u00e8me, pour prot\u00e9ger votre habitation dans les meilleurs d\u00e9lais. Nos interventions de [&hellip;]<\/p>\n","protected":false},"author":1,"featured_media":0,"parent":0,"menu_order":0,"comment_status":"closed","ping_status":"closed","template":"elementor_header_footer","meta":{"footnotes":""},"class_list":["post-1793","page","type-page","status-publish","hentry"],"_links":{"self":[{"href":"https:\/\/solarvg.be\/nl\/wp-json\/wp\/v2\/pages\/1793","targetHints":{"allow":["GET"]}}],"collection":[{"href":"https:\/\/solarvg.be\/nl\/wp-json\/wp\/v2\/pages"}],"about":[{"href":"https:\/\/solarvg.be\/nl\/wp-json\/wp\/v2\/types\/page"}],"author":[{"embeddable":true,"href":"https:\/\/solarvg.be\/nl\/wp-json\/wp\/v2\/users\/1"}],"replies":[{"embeddable":true,"href":"https:\/\/solarvg.be\/nl\/wp-json\/wp\/v2\/comments?post=1793"}],"version-history":[{"count":9,"href":"https:\/\/solarvg.be\/nl\/wp-json\/wp\/v2\/pages\/1793\/revisions"}],"predecessor-version":[{"id":1837,"href":"https:\/\/solarvg.be\/nl\/wp-json\/wp\/v2\/pages\/1793\/revisions\/1837"}],"wp:attachment":[{"href":"https:\/\/solarvg.be\/nl\/wp-json\/wp\/v2\/media?parent=1793"}],"curies":[{"name":"wp","href":"https:\/\/api.w.org\/{rel}","templated":true}]}}